{"id":4850,"date":"2025-04-15T15:21:36","date_gmt":"2025-04-15T13:21:36","guid":{"rendered":"https:\/\/htlbiotech.com\/support-reglementaire\/"},"modified":"2025-04-15T15:21:36","modified_gmt":"2025-04-15T13:21:36","slug":"support-reglementaire","status":"publish","type":"page","link":"https:\/\/htlbiotech.com\/fr\/support-reglementaire\/","title":{"rendered":"Support r\u00e9glementaire"},"content":{"rendered":"<p><span class=\"OYPEnA font-feature-liga-off font-feature-clig-off font-feature-calt-off text-decoration-none text-strikethrough-none\">Nous savons que le paysage des affaires r\u00e9glementaires peut \u00eatre complexe pour nos clients de l&rsquo;industrie pharmaceutique. <\/span><\/p>\n","protected":false},"excerpt":{"rendered":"<p>Nous savons que le paysage des affaires r\u00e9glementaires peut \u00eatre complexe pour nos clients de l&rsquo;industrie pharmaceutique.<\/p>\n","protected":false},"author":8,"featured_media":0,"parent":0,"menu_order":0,"comment_status":"closed","ping_status":"closed","template":"src\/controllers\/models\/flex.php","meta":{"_acf_changed":false,"footnotes":""},"class_list":["post-4850","page","type-page","status-publish","hentry"],"acf":[],"yoast_head":"<!-- This site is optimized with the Yoast SEO plugin v27.5 - https:\/\/yoast.com\/product\/yoast-seo-wordpress\/ -->\n<title>Support r\u00e9glementaire - HTL Biotechnology<\/title>\n<meta name=\"robots\" content=\"index, follow, max-snippet:-1, max-image-preview:large, max-video-preview:-1\" \/>\n<link rel=\"canonical\" href=\"https:\/\/htlbiotech.com\/fr\/support-reglementaire\/\" \/>\n<meta property=\"og:locale\" content=\"fr_FR\" \/>\n<meta property=\"og:type\" content=\"article\" \/>\n<meta property=\"og:title\" content=\"Support r\u00e9glementaire - HTL Biotechnology\" \/>\n<meta property=\"og:description\" content=\"Nous savons que le paysage des affaires r\u00e9glementaires peut \u00eatre complexe pour nos clients de l&rsquo;industrie pharmaceutique.\" \/>\n<meta property=\"og:url\" content=\"https:\/\/htlbiotech.com\/fr\/support-reglementaire\/\" \/>\n<meta property=\"og:site_name\" content=\"HTL Biotechnology\" \/>\n<meta name=\"twitter:card\" content=\"summary_large_image\" \/>\n<script type=\"application\/ld+json\" class=\"yoast-schema-graph\">{\"@context\":\"https:\\\/\\\/schema.org\",\"@graph\":[{\"@type\":\"WebPage\",\"@id\":\"https:\\\/\\\/htlbiotech.com\\\/fr\\\/support-reglementaire\\\/\",\"url\":\"https:\\\/\\\/htlbiotech.com\\\/fr\\\/support-reglementaire\\\/\",\"name\":\"Support r\u00e9glementaire - HTL Biotechnology\",\"isPartOf\":{\"@id\":\"https:\\\/\\\/htlbiotech.com\\\/fr\\\/#website\"},\"datePublished\":\"2025-04-15T13:21:36+00:00\",\"breadcrumb\":{\"@id\":\"https:\\\/\\\/htlbiotech.com\\\/fr\\\/support-reglementaire\\\/#breadcrumb\"},\"inLanguage\":\"fr-FR\",\"potentialAction\":[{\"@type\":\"ReadAction\",\"target\":[\"https:\\\/\\\/htlbiotech.com\\\/fr\\\/support-reglementaire\\\/\"]}]},{\"@type\":\"BreadcrumbList\",\"@id\":\"https:\\\/\\\/htlbiotech.com\\\/fr\\\/support-reglementaire\\\/#breadcrumb\",\"itemListElement\":[{\"@type\":\"ListItem\",\"position\":1,\"name\":\"Accueil\",\"item\":\"https:\\\/\\\/htlbiotech.com\\\/fr\\\/\"},{\"@type\":\"ListItem\",\"position\":2,\"name\":\"Support r\u00e9glementaire\"}]},{\"@type\":\"WebSite\",\"@id\":\"https:\\\/\\\/htlbiotech.com\\\/fr\\\/#website\",\"url\":\"https:\\\/\\\/htlbiotech.com\\\/fr\\\/\",\"name\":\"HTL Biotechnology\",\"description\":\"\",\"potentialAction\":[{\"@type\":\"SearchAction\",\"target\":{\"@type\":\"EntryPoint\",\"urlTemplate\":\"https:\\\/\\\/htlbiotech.com\\\/fr\\\/?s={search_term_string}\"},\"query-input\":{\"@type\":\"PropertyValueSpecification\",\"valueRequired\":true,\"valueName\":\"search_term_string\"}}],\"inLanguage\":\"fr-FR\"}]}<\/script>\n<!-- \/ Yoast SEO plugin. -->","yoast_head_json":{"title":"Support r\u00e9glementaire - HTL Biotechnology","robots":{"index":"index","follow":"follow","max-snippet":"max-snippet:-1","max-image-preview":"max-image-preview:large","max-video-preview":"max-video-preview:-1"},"canonical":"https:\/\/htlbiotech.com\/fr\/support-reglementaire\/","og_locale":"fr_FR","og_type":"article","og_title":"Support r\u00e9glementaire - HTL Biotechnology","og_description":"Nous savons que le paysage des affaires r\u00e9glementaires peut \u00eatre complexe pour nos clients de l&rsquo;industrie pharmaceutique.","og_url":"https:\/\/htlbiotech.com\/fr\/support-reglementaire\/","og_site_name":"HTL Biotechnology","twitter_card":"summary_large_image","schema":{"@context":"https:\/\/schema.org","@graph":[{"@type":"WebPage","@id":"https:\/\/htlbiotech.com\/fr\/support-reglementaire\/","url":"https:\/\/htlbiotech.com\/fr\/support-reglementaire\/","name":"Support r\u00e9glementaire - HTL Biotechnology","isPartOf":{"@id":"https:\/\/htlbiotech.com\/fr\/#website"},"datePublished":"2025-04-15T13:21:36+00:00","breadcrumb":{"@id":"https:\/\/htlbiotech.com\/fr\/support-reglementaire\/#breadcrumb"},"inLanguage":"fr-FR","potentialAction":[{"@type":"ReadAction","target":["https:\/\/htlbiotech.com\/fr\/support-reglementaire\/"]}]},{"@type":"BreadcrumbList","@id":"https:\/\/htlbiotech.com\/fr\/support-reglementaire\/#breadcrumb","itemListElement":[{"@type":"ListItem","position":1,"name":"Accueil","item":"https:\/\/htlbiotech.com\/fr\/"},{"@type":"ListItem","position":2,"name":"Support r\u00e9glementaire"}]},{"@type":"WebSite","@id":"https:\/\/htlbiotech.com\/fr\/#website","url":"https:\/\/htlbiotech.com\/fr\/","name":"HTL Biotechnology","description":"","potentialAction":[{"@type":"SearchAction","target":{"@type":"EntryPoint","urlTemplate":"https:\/\/htlbiotech.com\/fr\/?s={search_term_string}"},"query-input":{"@type":"PropertyValueSpecification","valueRequired":true,"valueName":"search_term_string"}}],"inLanguage":"fr-FR"}]}},"_links":{"self":[{"href":"https:\/\/htlbiotech.com\/fr\/wp-json\/wp\/v2\/pages\/4850","targetHints":{"allow":["GET"]}}],"collection":[{"href":"https:\/\/htlbiotech.com\/fr\/wp-json\/wp\/v2\/pages"}],"about":[{"href":"https:\/\/htlbiotech.com\/fr\/wp-json\/wp\/v2\/types\/page"}],"author":[{"embeddable":true,"href":"https:\/\/htlbiotech.com\/fr\/wp-json\/wp\/v2\/users\/8"}],"replies":[{"embeddable":true,"href":"https:\/\/htlbiotech.com\/fr\/wp-json\/wp\/v2\/comments?post=4850"}],"version-history":[{"count":0,"href":"https:\/\/htlbiotech.com\/fr\/wp-json\/wp\/v2\/pages\/4850\/revisions"}],"wp:attachment":[{"href":"https:\/\/htlbiotech.com\/fr\/wp-json\/wp\/v2\/media?parent=4850"}],"curies":[{"name":"wp","href":"https:\/\/api.w.org\/{rel}","templated":true}]}}