{"id":2342,"date":"2023-07-20T10:20:25","date_gmt":"2023-07-20T08:20:25","guid":{"rendered":"https:\/\/htlbiotech.com\/plan-du-site\/"},"modified":"2024-02-08T10:50:18","modified_gmt":"2024-02-08T09:50:18","slug":"plan-du-site","status":"publish","type":"page","link":"https:\/\/htlbiotech.com\/fr\/plan-du-site\/","title":{"rendered":"Plan du site"},"content":{"rendered":"<div class=\"wsp-container\"><h2 class=\"wsp-pages-title\">Pages<\/h2>\n<ul class=\"wsp-pages-list\">\n<li class=\"page_item page-item-4282\"><a href=\"https:\/\/htlbiotech.com\/fr\/90-ans-dah\/\">90 ans de l&rsquo;AH<\/a><\/li>\n<li class=\"page_item page-item-2154 page_item_has_children\"><a href=\"https:\/\/htlbiotech.com\/fr\/a-propos-de-nous\/\">A propos<\/a>\n<ul class='children'>\n\t<li class=\"page_item page-item-2155\"><a href=\"https:\/\/htlbiotech.com\/fr\/a-propos-de-nous\/comite-executif\/\">Comit\u00e9 Ex\u00e9cutif<\/a><\/li>\n\t<li class=\"page_item page-item-2156\"><a href=\"https:\/\/htlbiotech.com\/fr\/a-propos-de-nous\/conformite\/\">Compliance<\/a><\/li>\n\t<li class=\"page_item page-item-2163\"><a href=\"https:\/\/htlbiotech.com\/fr\/a-propos-de-nous\/nos-engagements-rse\/\">Engagements RSE<\/a><\/li>\n\t<li class=\"page_item page-item-2157 page_item_has_children\"><a href=\"https:\/\/htlbiotech.com\/fr\/a-propos-de-nous\/notre-entreprise-et-nos-valeurs\/\">Entreprise et valeurs<\/a>\n\t<ul class='children'>\n\t\t<li class=\"page_item page-item-2160\"><a href=\"https:\/\/htlbiotech.com\/fr\/a-propos-de-nous\/notre-entreprise-et-nos-valeurs\/notre-histoire\/\">Histoire<\/a><\/li>\n\t\t<li class=\"page_item page-item-2161\"><a href=\"https:\/\/htlbiotech.com\/fr\/a-propos-de-nous\/notre-entreprise-et-nos-valeurs\/nos-derniers-investissements\/\">Nos derniers investissements<\/a><\/li>\n\t\t<li class=\"page_item page-item-2162\"><a href=\"https:\/\/htlbiotech.com\/fr\/a-propos-de-nous\/notre-entreprise-et-nos-valeurs\/notre-departement-production\/\">P\u00f4le de production<\/a><\/li>\n\t<\/ul>\n<\/li>\n<\/ul>\n<\/li>\n<li class=\"page_item page-item-2170\"><a href=\"https:\/\/htlbiotech.com\/fr\/\">Accueil<\/a><\/li>\n<li class=\"page_item page-item-2166 page_item_has_children\"><a href=\"https:\/\/htlbiotech.com\/fr\/carriere\/\">Carri\u00e8re<\/a>\n<ul class='children'>\n\t<li class=\"page_item page-item-2891\"><a href=\"https:\/\/htlbiotech.com\/fr\/carriere\/metiers\/\">Nos M\u00e9tiers<\/a><\/li>\n\t<li class=\"page_item page-item-2167\"><a href=\"https:\/\/htlbiotech.com\/fr\/carriere\/preparez-votre-entretien\/\">Pr\u00e9parez votre entretien<\/a><\/li>\n<\/ul>\n<\/li>\n<li class=\"page_item page-item-2256\"><a href=\"https:\/\/htlbiotech.com\/fr\/conditions-generales-de-vente\/\">Conditions g\u00e9n\u00e9rales de vente<\/a><\/li>\n<li class=\"page_item page-item-2168\"><a href=\"https:\/\/htlbiotech.com\/fr\/contact\/\">Contact<\/a><\/li>\n<li class=\"page_item page-item-2171 page_item_has_children\"><a href=\"https:\/\/htlbiotech.com\/fr\/innovation-et-rd\/\">Innovation et R&amp;D<\/a>\n<ul class='children'>\n\t<li class=\"page_item page-item-2172\"><a href=\"https:\/\/htlbiotech.com\/fr\/innovation-et-rd\/financement-de-la-creation-dentreprise\/\">Financement de la cr\u00e9ation d&rsquo;entreprise<\/a><\/li>\n<\/ul>\n<\/li>\n<li class=\"page_item page-item-4848\"><a href=\"https:\/\/htlbiotech.com\/fr\/lexcellence-en-matiere-de-qualite\/\">L&rsquo;excellence en mati\u00e8re de qualit\u00e9<\/a><\/li>\n<li class=\"page_item page-item-2345\"><a href=\"https:\/\/htlbiotech.com\/fr\/les-applications-de-demain\/\">Les applications de demain<\/a><\/li>\n<li class=\"page_item page-item-2173\"><a href=\"https:\/\/htlbiotech.com\/fr\/mentions-legales-et-cgv\/\">Mentions l\u00e9gales et CGU<\/a><\/li>\n<li class=\"page_item page-item-2338\"><a href=\"https:\/\/htlbiotech.com\/fr\/produits\/\">Nos Biopolym\u00e8res<\/a><\/li>\n<li class=\"page_item page-item-2174 page_item_has_children\"><a href=\"https:\/\/htlbiotech.com\/fr\/nos-laboratoires-et-installations-de-rd\/\">Nos laboratoires et installations de R&amp;D<\/a>\n<ul class='children'>\n\t<li class=\"page_item page-item-2335\"><a href=\"https:\/\/htlbiotech.com\/fr\/nos-laboratoires-et-installations-de-rd\/laboratoire-de-biotechnologie\/\">Laboratoire de biotechnologie<\/a><\/li>\n\t<li class=\"page_item page-item-2336\"><a href=\"https:\/\/htlbiotech.com\/fr\/nos-laboratoires-et-installations-de-rd\/laboratoire-de-chimie\/\">Laboratoire de chimie<\/a><\/li>\n<\/ul>\n<\/li>\n<li class=\"page_item page-item-4821\"><a href=\"https:\/\/htlbiotech.com\/fr\/nos-services-premium\/\">Nos services premium<\/a><\/li>\n<li class=\"page_item page-item-4997\"><a href=\"https:\/\/htlbiotech.com\/fr\/notre-plateforme-industrielle\/\">Notre plateforme industrielle<\/a><\/li>\n<li class=\"page_item page-item-2346\"><a href=\"https:\/\/htlbiotech.com\/fr\/nous-sommes-presents-dans-le-monde-entier\/\">Notre pr\u00e9sence internationale<\/a><\/li>\n<li class=\"page_item page-item-2342\"><a href=\"https:\/\/htlbiotech.com\/fr\/plan-du-site\/\">Plan du site<\/a><\/li>\n<li class=\"page_item page-item-2337\"><a href=\"https:\/\/htlbiotech.com\/fr\/politique-de-confidentialite\/\">Politique de confidentialit\u00e9<\/a><\/li>\n<li class=\"page_item page-item-2169\"><a href=\"https:\/\/htlbiotech.com\/fr\/politique-des-cookies\/\">Politique des cookies<\/a><\/li>\n<li class=\"page_item page-item-2339 page_item_has_children\"><a href=\"https:\/\/htlbiotech.com\/fr\/services-2\/\">Services<\/a>\n<ul class='children'>\n\t<li class=\"page_item page-item-2341\"><a href=\"https:\/\/htlbiotech.com\/fr\/services-2\/services-relatifs-aux-biopolymeres-fonctionnalises\/\">Notre plateforme de biopolym\u00e8res fonctionnalis\u00e9s<\/a><\/li>\n\t<li class=\"page_item page-item-2340\"><a href=\"https:\/\/htlbiotech.com\/fr\/services-2\/partenariat-universitaire-et-brevets\/\">Partenariats Acad\u00e9miques<\/a><\/li>\n<\/ul>\n<\/li>\n<li class=\"page_item page-item-4834\"><a href=\"https:\/\/htlbiotech.com\/fr\/support-innovation-et-rd\/\">Support Innovation et R&amp;D<\/a><\/li>\n<li class=\"page_item page-item-4850\"><a href=\"https:\/\/htlbiotech.com\/fr\/support-reglementaire\/\">Support r\u00e9glementaire<\/a><\/li>\n<\/ul>\n<h2 class=\"wsp-blogs-title\">Blog<\/h2>\n<ul class=\"wsp-blogs-list\">\n<li><a href=\"https:\/\/htlbiotech.com\/fr\/blog\/comprendre-le-role-de-lorigine-du-saumon-dans-la-qualite-des-polynucleotides\/\">Comprendre le r\u00f4le de l\u2019origine du saumon dans la qualit\u00e9 des polynucl\u00e9otides<\/a><\/li>\n<li><a href=\"https:\/\/htlbiotech.com\/fr\/blog\/les-micro-aiguilles-un-dispositif-medical-davenir\/\">Les micro-aiguilles : un dispositif m\u00e9dical d\u2019avenir<\/a><\/li>\n<li><a href=\"https:\/\/htlbiotech.com\/fr\/blog\/acide-hyaluronique-sterile-une-nouvelle-generation-dinnovations-medicales-basees-sur-lacide-hyaluronique\/\">Acide hyaluronique st\u00e9rile : Une nouvelle g\u00e9n\u00e9ration d'innovations m\u00e9dicales bas\u00e9es sur l'acide hyaluronique<\/a><\/li>\n<li><a href=\"https:\/\/htlbiotech.com\/fr\/blog\/les-services-premium-de-htl-biotechnology-un-partenaire-de-confiance-pour-linnovation\/\">Les Services Premium de HTL Biotechnology : Un partenaire de confiance pour l\u2019innovation<\/a><\/li>\n<li><a href=\"https:\/\/htlbiotech.com\/fr\/blog\/renouvellement-de-la-certification-iso-13485-renforcer-les-fondations-notre-engagement-qualite\/\">Renouvellement de la certification ISO 13485 : Renforcer les fondations notre engagement qualit\u00e9<\/a><\/li>\n<li><a href=\"https:\/\/htlbiotech.com\/fr\/blog\/levolution-du-role-de-lacide-hyaluronique-dans-larthrose-et-la-rhumatologie\/\">L\u2019\u00e9volution du r\u00f4le de l\u2019acide hyaluronique dans l\u2019arthrose et la rhumatologie<\/a><\/li>\n<li><a href=\"https:\/\/htlbiotech.com\/fr\/blog\/lexcellence-en-qualite-le-socle-des-biopolymeres-de-grade-pharmaceutique-dhtl-biotechnology\/\">L\u2019excellence en qualit\u00e9 : le socle des biopolym\u00e8res de grade pharmaceutique d\u2019HTL Biotechnology<\/a><\/li>\n<li><a href=\"https:\/\/htlbiotech.com\/fr\/blog\/performance-industrielle-et-responsabilite-societale-des-entreprises-entretien-avec-christophe-coyard\/\">Performance industrielle et responsabilit\u00e9 soci\u00e9tale des entreprises : Entretien avec Christophe Coyard<\/a><\/li>\n<li><a href=\"https:\/\/htlbiotech.com\/fr\/blog\/transformer-la-vision-lacide-hyaluronique-en-ophtalmologie\/\">Transformer la vision : l\u2019acide hyaluronique en ophtalmologie<\/a><\/li>\n<li><a href=\"https:\/\/htlbiotech.com\/fr\/blog\/lavenir-de-lacide-hyaluronique-un-biomateriau-intelligent-pour-la-prochaine-generation-de-la-medecine\/\">L\u2019avenir de l\u2019acide hyaluronique : un biomat\u00e9riau intelligent pour la prochaine g\u00e9n\u00e9ration de la m\u00e9decine<\/a><\/li>\n<li><a href=\"https:\/\/htlbiotech.com\/fr\/blog\/lavantage-htl-regards-dexperts\/\">L\u2019Avantage HTL\u202f: Regards d\u2019Experts<\/a><\/li>\n<li><a href=\"https:\/\/htlbiotech.com\/fr\/blog\/polynucleotides-a-breakthrough-in-regenerative-medicine\/\">Polynucl\u00e9otides : une avanc\u00e9e majeure en m\u00e9decine r\u00e9g\u00e9n\u00e9rative<\/a><\/li>\n<li><a href=\"https:\/\/htlbiotech.com\/fr\/blog\/decoder-lacide-hyaluronique-fonction-biologique-et-usages\/\">D\u00e9coder l\u2019Acide Hyaluronique : Fonction Biologique et Usages<\/a><\/li>\n<li><a href=\"https:\/\/htlbiotech.com\/fr\/blog\/htl-biotechnology-un-chemin-vers-linnovation-et-le-leadership-mondial\/\">HTL Biotechnology : Un chemin vers l\u2019innovation et le leadership mondial<\/a><\/li>\n<\/ul>\n<h2 class=\"wsp-newss-title\">Actualit\u00e9s<\/h2>\n<ul class=\"wsp-newss-list\">\n<li><a href=\"https:\/\/htlbiotech.com\/fr\/news\/niveau-platinum-ecovadis-atteint-en-2026\/\">Niveau Platinum EcoVadis atteint en 2026<\/a><\/li>\n<li><a href=\"https:\/\/htlbiotech.com\/fr\/news\/htl-biotechnology-au-pchi-2026-a-hangzhou\/\">HTL Biotechnology au PCHi 2026 \u00e0 Hangzhou<\/a><\/li>\n<li><a href=\"https:\/\/htlbiotech.com\/fr\/news\/htl-biotechnology-a-limcas-2026-faire-avancer-lavenir-de-la-medecine-regenerative\/\">HTL Biotechnology \u00e0 l\u2019IMCAS 2026 : faire avancer l\u2019avenir de la m\u00e9decine r\u00e9g\u00e9n\u00e9rative<\/a><\/li>\n<li><a href=\"https:\/\/htlbiotech.com\/fr\/news\/htl-biotechnology-integre-le-classement-choiseul-conquerants-2025\/\">HTL Biotechnology int\u00e8gre le classement Choiseul Conqu\u00e9rants 2025<\/a><\/li>\n<li><a href=\"https:\/\/htlbiotech.com\/fr\/news\/webinaire-htl-inside-un-succes-qui-renforce-notre-visibilite-en-asie\/\">Webinaire HTL Inside : un succ\u00e8s qui renforce notre visibilit\u00e9 en Asie<\/a><\/li>\n<li><a href=\"https:\/\/htlbiotech.com\/fr\/news\/htl-biotechnology-se-mobilise-pour-octobre-rose-2025\/\">HTL Biotechnology se mobilise pour Octobre Rose 2025<\/a><\/li>\n<li><a href=\"https:\/\/htlbiotech.com\/fr\/news\/htl-biotechnology-est-laureat-du-trophee-responsible-care\/\">HTL Biotechnology est laur\u00e9at du Troph\u00e9e Responsible Care<\/a><\/li>\n<li><a href=\"https:\/\/htlbiotech.com\/fr\/news\/retour-sur-notre-presence-a-lescrs-2025\/\">Retour sur notre pr\u00e9sence \u00e0 l\u2019ESCRS 2025<\/a><\/li>\n<li><a href=\"https:\/\/htlbiotech.com\/fr\/news\/le-rapport-rse-2024-est-maintenant-disponible\/\">Le rapport RSE 2024 est maintenant disponible !<\/a><\/li>\n<li><a href=\"https:\/\/htlbiotech.com\/fr\/news\/htl-biotechnology-inaugure-une-nouvelle-ligne-de-production-dediee-a-lacide-hyaluronique-sterile\/\">HTL Biotechnology inaugure une nouvelle ligne de production d\u00e9di\u00e9e \u00e0 l\u2019acide hyaluronique st\u00e9rile<\/a><\/li>\n<li><a href=\"https:\/\/htlbiotech.com\/fr\/news\/htl-biotechnology-soutient-la-journee-nationale-de-la-bioproduction-de-biomedicaments\/\">HTL Biotechnology soutient la Journ\u00e9e nationale de la bioproduction de biom\u00e9dicaments<\/a><\/li>\n<li><a href=\"https:\/\/htlbiotech.com\/fr\/news\/notre-participation-au-pchi-en-chine\/\">Notre participation au PCHI en Chine<\/a><\/li>\n<li><a href=\"https:\/\/htlbiotech.com\/fr\/news\/htl-biotechnology-a-limcas-2025\/\">HTL Biotechnology \u00e0 l'IMCAS 2025<\/a><\/li>\n<li><a href=\"https:\/\/htlbiotech.com\/fr\/news\/certification-iso-13485\/\">Certification ISO 13485<\/a><\/li>\n<li><a href=\"https:\/\/htlbiotech.com\/fr\/news\/publication-de-notre-premier-rapport-rse\/\">Publication de notre premier rapport RSE !<\/a><\/li>\n<li><a href=\"https:\/\/htlbiotech.com\/fr\/news\/htl-biotechnology-dans-le-classement-choiseul-conquerants-2024\/\">HTL Biotechnology dans le classement Choiseul Conqu\u00e9rants 2024<\/a><\/li>\n<li><a href=\"https:\/\/htlbiotech.com\/fr\/news\/decouvrez-le-parcours-fascinant-de-lacide-hyaluronique-et-telechargez-notre-nouveau-livre-blanc\/\">D\u00e9couvrez le parcours fascinant de l'Acide Hyaluronique et t\u00e9l\u00e9chargez notre nouveau livre blanc !<\/a><\/li>\n<li><a href=\"https:\/\/htlbiotech.com\/fr\/news\/htl-biotechnology-au-cphi-milan\/\">HTL Biotechnology au CPHI Milan<\/a><\/li>\n<li><a href=\"https:\/\/htlbiotech.com\/fr\/news\/1er-symposium-pour-htl-biotechnology-au-congres-mais\/\">1er symposium pour HTL Biotechnology au congr\u00e8s MAIS<\/a><\/li>\n<li><a href=\"https:\/\/htlbiotech.com\/fr\/news\/htl-biotechnology-presentera-son-livre-blanc-au-cphi-de-milan\/\">HTL Biotechnology pr\u00e9sentera son livre blanc au CPHI de Milan !<\/a><\/li>\n<li><a href=\"https:\/\/htlbiotech.com\/fr\/news\/nouvelle-certification-pour-htl-biotechnology\/\">Nouvelle Certification pour HTL Biotechnology<\/a><\/li>\n<li><a href=\"https:\/\/htlbiotech.com\/fr\/news\/htl-biotechnology-obtient-lenregistrement-dun-dispositif-medical-en-chine\/\">HTL Biotechnology obtient l'enregistrement d'un dispositif m\u00e9dical en Chine<\/a><\/li>\n<li><a href=\"https:\/\/htlbiotech.com\/fr\/news\/htl-biotechnology-au-cphi-china-2024\/\">HTL Biotechnology au CPHI China 2024<\/a><\/li>\n<li><a href=\"https:\/\/htlbiotech.com\/fr\/news\/decouvrez-notre-politique-qualite\/\">D\u00e9couvrez notre politique qualit\u00e9<\/a><\/li>\n<li><a href=\"https:\/\/htlbiotech.com\/fr\/news\/journee-nationale-de-la-bioproduction-de-biomedicaments-reportage-tvr\/\">Journ\u00e9e Nationale de la Bioproduction de Biom\u00e9dicaments (reportage TVR)<\/a><\/li>\n<li><a href=\"https:\/\/htlbiotech.com\/fr\/news\/label-ecovadis-gold-2024\/\">Label Ecovadis Gold 2024<\/a><\/li>\n<li><a href=\"https:\/\/htlbiotech.com\/fr\/news\/biophta-leve-65-millions-deuros-en-amorcage\/\">BIOPHTA l\u00e8ve 6,5 millions d'euros en amor\u00e7age<\/a><\/li>\n<li><a href=\"https:\/\/htlbiotech.com\/fr\/news\/acquisition-du-collagene-recombinant-humain-de-modern-meadow-pour-des-applications-beaute-et-biomedicales\/\">Acquisition du collag\u00e8ne recombinant humain de Modern Meadow pour des applications beaut\u00e9 et biom\u00e9dicales<\/a><\/li>\n<li><a href=\"https:\/\/htlbiotech.com\/fr\/news\/france-biolead-membership\/\">France BioLead Membership<\/a><\/li>\n<li><a href=\"https:\/\/htlbiotech.com\/fr\/news\/notre-participation-a-lamwc-a-monaco\/\">Notre participation \u00e0 l'AMWC \u00e0 Monaco<\/a><\/li>\n<li><a href=\"https:\/\/htlbiotech.com\/fr\/news\/htl-biotechnology-au-pchi\/\">HTL Biotechnology au PCHI<\/a><\/li>\n<li><a href=\"https:\/\/htlbiotech.com\/fr\/news\/podcast-discussion-avec-francois-fournier\/\">Podcast : Discussion avec Fran\u00e7ois Fournier<\/a><\/li>\n<li><a href=\"https:\/\/htlbiotech.com\/fr\/news\/notre-stand-a-la-china-international-beauty-expo\/\">Notre stand \u00e0 la China International Beauty Expo<\/a><\/li>\n<li><a href=\"https:\/\/htlbiotech.com\/fr\/news\/htl-biotechnology-present-au-dubai-derma\/\">HTL Biotechnology pr\u00e9sent au Dubai Derma<\/a><\/li>\n<li><a href=\"https:\/\/htlbiotech.com\/fr\/news\/les-90-ans-de-lacide-hyaluronique-avec-htl-biotechnology\/\">Les 90 ans de l'Acide Hyaluronique avec HTL Biotechnology<\/a><\/li>\n<li><a href=\"https:\/\/htlbiotech.com\/fr\/news\/joyeux-nouvel-an-lunaire-2024\/\">Joyeux Nouvel An lunaire 2024 !<\/a><\/li>\n<li><a href=\"https:\/\/htlbiotech.com\/fr\/news\/htl-biotechnology-au-congres-mondial-imcas-2024\/\">HTL Biotechnology au congr\u00e8s mondial IMCAS 2024<\/a><\/li>\n<li><a href=\"https:\/\/htlbiotech.com\/fr\/news\/htl-biotechnology-sera-present-a-limcas-2024\/\">HTL Biotechnology sera pr\u00e9sent \u00e0 l'IMCAS 2024 !<\/a><\/li>\n<li><a href=\"https:\/\/htlbiotech.com\/fr\/news\/htl-biotechnology-vous-souhaite-une-bonne-annee\/\">HTL Biotechnology vous souhaite une bonne ann\u00e9e !<\/a><\/li>\n<li><a href=\"https:\/\/htlbiotech.com\/fr\/news\/htl-biotechnology-au-cphi-2023-a-barcelone\/\">HTL Biotechnology au CPHI 2023 \u00e0 Barcelone<\/a><\/li>\n<li><a href=\"https:\/\/htlbiotech.com\/fr\/news\/notre-nouvelle-strategie-rse\/\">Notre nouvelle strat\u00e9gie RSE<\/a><\/li>\n<li><a href=\"https:\/\/htlbiotech.com\/fr\/news\/htl-biotechnology-au-cphi-japon-2023\/\">HTL Biotechnology au CPHI Japon 2023<\/a><\/li>\n<li><a href=\"https:\/\/htlbiotech.com\/fr\/news\/sfb-et-termis-ameriques\/\">SFB et TERMIS Americas<\/a><\/li>\n<li><a href=\"https:\/\/htlbiotech.com\/fr\/news\/lequipe-htl-biotechnology-en-coree-et-en-chine\/\">L'\u00e9quipe HTL Biotechnology en Cor\u00e9e et en Chine<\/a><\/li>\n<li><a href=\"https:\/\/htlbiotech.com\/fr\/news\/htl-biotechnology-a-limcas\/\">HTL Biotechnology a l'IMCAS<\/a><\/li>\n<li><a href=\"https:\/\/htlbiotech.com\/fr\/news\/francois-fournier-nouveau-president-directeur-general\/\">Fran\u00e7ois Fournier, nouveau Pr\u00e9sident Directeur G\u00e9n\u00e9ral<\/a><\/li>\n<li><a href=\"https:\/\/htlbiotech.com\/fr\/news\/investissement-gelmedix\/\">Investissement GelMEDIX<\/a><\/li>\n<li><a href=\"https:\/\/htlbiotech.com\/fr\/news\/montagu-nouvel-investisseur\/\">Montagu, nouvel investisseur<\/a><\/li>\n<li><a href=\"https:\/\/htlbiotech.com\/fr\/news\/htl-biotechnology-lance-une-nouvelle-unite-de-bioproduction-htl4\/\">HTL Biotechnology lance une nouvelle unit\u00e9 de bioproduction HTL4<\/a><\/li>\n<li><a href=\"https:\/\/htlbiotech.com\/fr\/news\/bmg-pharma-et-htl-biotechnology-signent-un-accord-de-developpement\/\">BMG Pharma et HTL Biotechnology signent un accord de d\u00e9veloppement<\/a><\/li>\n<li><a href=\"https:\/\/htlbiotech.com\/fr\/news\/eirion-therapeutics-annonce-un-accord-strategique\/\">Eirion Therapeutics annonce un accord strat\u00e9gique<\/a><\/li>\n<li><a href=\"https:\/\/htlbiotech.com\/fr\/news\/institut-terasaki-protocole-daccord\/\">Institut Terasaki Protocole d'accord<\/a><\/li>\n<\/ul>\n<h2 class=\"wsp-products-title\">Products<\/h2>\n<ul class=\"wsp-products-list\">\n<li><a href=\"https:\/\/htlbiotech.com\/fr\/products\/collagene-recombinant-humain\/\">Collag\u00e8ne recombinant humain<\/a><\/li>\n<li><a href=\"https:\/\/htlbiotech.com\/fr\/products\/acide-hyaluronique\/\">Acide Hyaluronique<\/a><\/li>\n<li><a href=\"https:\/\/htlbiotech.com\/fr\/products\/pdrn-pn\/\">PDRN - PN<\/a><\/li>\n<li><a href=\"https:\/\/htlbiotech.com\/fr\/products\/adn-de-sodium\/\">ADN sel de sodium<\/a><\/li>\n<li><a href=\"https:\/\/htlbiotech.com\/fr\/products\/heparosan\/\">Heparosan<\/a><\/li>\n<li><a href=\"https:\/\/htlbiotech.com\/fr\/products\/oligo-ah\/\">Oligo AH<\/a><\/li>\n<\/ul>\n<h2 class=\"wsp-news_types-title\">Types d'actualit\u00e9s<\/h2>\n<ul class=\"wsp-news_types-list\">\n<li><a href=\"https:\/\/htlbiotech.com\/fr\/news_type\/articles-fr\/\">Articles<\/a><\/li>\n<li><a href=\"https:\/\/htlbiotech.com\/fr\/news_type\/communiques-de-presse\/\">Communiqu\u00e9s de presse<\/a><\/li>\n<\/ul>\n<h2 class=\"wsp-product_categorys-title\">Cat\u00e9gories de produit<\/h2>\n<ul class=\"wsp-product_categorys-list\">\n<li><a href=\"https:\/\/htlbiotech.com\/fr\/product_category\/gamme-de-produits\/\">Notre gamme de biopolym\u00e8res<\/a><\/li>\n<li><a href=\"https:\/\/htlbiotech.com\/fr\/product_category\/portefeuille-de-linnovation\/\">Notre portefeuille d'innovation<\/a><\/li>\n<\/ul>\n<\/div>\n","protected":false},"excerpt":{"rendered":"","protected":false},"author":2,"featured_media":0,"parent":0,"menu_order":0,"comment_status":"closed","ping_status":"closed","template":"","meta":{"_acf_changed":false,"footnotes":""},"class_list":["post-2342","page","type-page","status-publish","hentry"],"acf":[],"yoast_head":"<!-- This site is optimized with the Yoast SEO plugin v27.4 - https:\/\/yoast.com\/product\/yoast-seo-wordpress\/ -->\n<title>Plan du site - HTL Biotechnology<\/title>\n<meta name=\"robots\" content=\"index, follow, max-snippet:-1, max-image-preview:large, max-video-preview:-1\" \/>\n<link rel=\"canonical\" href=\"https:\/\/htlbiotech.com\/fr\/plan-du-site\/\" \/>\n<meta property=\"og:locale\" content=\"fr_FR\" \/>\n<meta property=\"og:type\" content=\"article\" \/>\n<meta property=\"og:title\" content=\"Plan du site - HTL Biotechnology\" \/>\n<meta property=\"og:url\" content=\"https:\/\/htlbiotech.com\/fr\/plan-du-site\/\" \/>\n<meta property=\"og:site_name\" content=\"HTL Biotechnology\" \/>\n<meta property=\"article:modified_time\" content=\"2024-02-08T09:50:18+00:00\" \/>\n<meta name=\"twitter:card\" content=\"summary_large_image\" \/>\n<meta name=\"twitter:label1\" content=\"Dur\u00e9e de lecture estim\u00e9e\" \/>\n\t<meta name=\"twitter:data1\" content=\"1 minute\" \/>\n<script type=\"application\/ld+json\" class=\"yoast-schema-graph\">{\"@context\":\"https:\\\/\\\/schema.org\",\"@graph\":[{\"@type\":\"WebPage\",\"@id\":\"https:\\\/\\\/htlbiotech.com\\\/fr\\\/plan-du-site\\\/\",\"url\":\"https:\\\/\\\/htlbiotech.com\\\/fr\\\/plan-du-site\\\/\",\"name\":\"Plan du site - HTL Biotechnology\",\"isPartOf\":{\"@id\":\"https:\\\/\\\/htlbiotech.com\\\/fr\\\/#website\"},\"datePublished\":\"2023-07-20T08:20:25+00:00\",\"dateModified\":\"2024-02-08T09:50:18+00:00\",\"breadcrumb\":{\"@id\":\"https:\\\/\\\/htlbiotech.com\\\/fr\\\/plan-du-site\\\/#breadcrumb\"},\"inLanguage\":\"fr-FR\",\"potentialAction\":[{\"@type\":\"ReadAction\",\"target\":[\"https:\\\/\\\/htlbiotech.com\\\/fr\\\/plan-du-site\\\/\"]}]},{\"@type\":\"BreadcrumbList\",\"@id\":\"https:\\\/\\\/htlbiotech.com\\\/fr\\\/plan-du-site\\\/#breadcrumb\",\"itemListElement\":[{\"@type\":\"ListItem\",\"position\":1,\"name\":\"Accueil\",\"item\":\"https:\\\/\\\/htlbiotech.com\\\/fr\\\/\"},{\"@type\":\"ListItem\",\"position\":2,\"name\":\"Plan du site\"}]},{\"@type\":\"WebSite\",\"@id\":\"https:\\\/\\\/htlbiotech.com\\\/fr\\\/#website\",\"url\":\"https:\\\/\\\/htlbiotech.com\\\/fr\\\/\",\"name\":\"HTL Biotechnology\",\"description\":\"\",\"potentialAction\":[{\"@type\":\"SearchAction\",\"target\":{\"@type\":\"EntryPoint\",\"urlTemplate\":\"https:\\\/\\\/htlbiotech.com\\\/fr\\\/?s={search_term_string}\"},\"query-input\":{\"@type\":\"PropertyValueSpecification\",\"valueRequired\":true,\"valueName\":\"search_term_string\"}}],\"inLanguage\":\"fr-FR\"}]}<\/script>\n<!-- \/ Yoast SEO plugin. -->","yoast_head_json":{"title":"Plan du site - HTL Biotechnology","robots":{"index":"index","follow":"follow","max-snippet":"max-snippet:-1","max-image-preview":"max-image-preview:large","max-video-preview":"max-video-preview:-1"},"canonical":"https:\/\/htlbiotech.com\/fr\/plan-du-site\/","og_locale":"fr_FR","og_type":"article","og_title":"Plan du site - HTL Biotechnology","og_url":"https:\/\/htlbiotech.com\/fr\/plan-du-site\/","og_site_name":"HTL Biotechnology","article_modified_time":"2024-02-08T09:50:18+00:00","twitter_card":"summary_large_image","twitter_misc":{"Dur\u00e9e de lecture estim\u00e9e":"1 minute"},"schema":{"@context":"https:\/\/schema.org","@graph":[{"@type":"WebPage","@id":"https:\/\/htlbiotech.com\/fr\/plan-du-site\/","url":"https:\/\/htlbiotech.com\/fr\/plan-du-site\/","name":"Plan du site - HTL Biotechnology","isPartOf":{"@id":"https:\/\/htlbiotech.com\/fr\/#website"},"datePublished":"2023-07-20T08:20:25+00:00","dateModified":"2024-02-08T09:50:18+00:00","breadcrumb":{"@id":"https:\/\/htlbiotech.com\/fr\/plan-du-site\/#breadcrumb"},"inLanguage":"fr-FR","potentialAction":[{"@type":"ReadAction","target":["https:\/\/htlbiotech.com\/fr\/plan-du-site\/"]}]},{"@type":"BreadcrumbList","@id":"https:\/\/htlbiotech.com\/fr\/plan-du-site\/#breadcrumb","itemListElement":[{"@type":"ListItem","position":1,"name":"Accueil","item":"https:\/\/htlbiotech.com\/fr\/"},{"@type":"ListItem","position":2,"name":"Plan du site"}]},{"@type":"WebSite","@id":"https:\/\/htlbiotech.com\/fr\/#website","url":"https:\/\/htlbiotech.com\/fr\/","name":"HTL Biotechnology","description":"","potentialAction":[{"@type":"SearchAction","target":{"@type":"EntryPoint","urlTemplate":"https:\/\/htlbiotech.com\/fr\/?s={search_term_string}"},"query-input":{"@type":"PropertyValueSpecification","valueRequired":true,"valueName":"search_term_string"}}],"inLanguage":"fr-FR"}]}},"_links":{"self":[{"href":"https:\/\/htlbiotech.com\/fr\/wp-json\/wp\/v2\/pages\/2342","targetHints":{"allow":["GET"]}}],"collection":[{"href":"https:\/\/htlbiotech.com\/fr\/wp-json\/wp\/v2\/pages"}],"about":[{"href":"https:\/\/htlbiotech.com\/fr\/wp-json\/wp\/v2\/types\/page"}],"author":[{"embeddable":true,"href":"https:\/\/htlbiotech.com\/fr\/wp-json\/wp\/v2\/users\/2"}],"replies":[{"embeddable":true,"href":"https:\/\/htlbiotech.com\/fr\/wp-json\/wp\/v2\/comments?post=2342"}],"version-history":[{"count":2,"href":"https:\/\/htlbiotech.com\/fr\/wp-json\/wp\/v2\/pages\/2342\/revisions"}],"predecessor-version":[{"id":2464,"href":"https:\/\/htlbiotech.com\/fr\/wp-json\/wp\/v2\/pages\/2342\/revisions\/2464"}],"wp:attachment":[{"href":"https:\/\/htlbiotech.com\/fr\/wp-json\/wp\/v2\/media?parent=2342"}],"curies":[{"name":"wp","href":"https:\/\/api.w.org\/{rel}","templated":true}]}}